{"id":64,"date":"2020-05-04T13:40:54","date_gmt":"2020-05-04T13:40:54","guid":{"rendered":"https:\/\/blog.radiofabrik.at\/telltogether\/?page_id=64"},"modified":"2020-05-21T06:12:27","modified_gmt":"2020-05-21T06:12:27","slug":"datenschutz","status":"publish","type":"page","link":"https:\/\/blog.radiofabrik.at\/telltogether\/datenschutz\/","title":{"rendered":"Datenschutz"},"content":{"rendered":"\n<h2 class=\"wp-block-heading\"><strong>Welche Daten werden erhoben?<\/strong><\/h2>\n\n\n\n<p>tell-together.at nimmt den Schutz Ihrer Daten sehr ernst und wir m\u00f6chten, dass Sie sich beim Besuch unserer Webseiten sicher f\u00fchlen. Hier erfahren Sie, welche Daten wir erheben und wie wir sie verwenden.<\/p>\n\n\n\n<h2 class=\"wp-block-heading\"><strong>Daten ohne Personenbezug<\/strong><\/h2>\n\n\n\n<p>Ihre IP-Adresse, Browserkennung und Domain, der Name der abgerufenen Datei, Datum und Uhrzeit des Abrufs, die \u00fcbertragene Datenmenge sowie der erfolgreiche Abruf werden in Protokoll-Dateien (log files) festgehalten. Diese Daten sind ohne direkten Personenbezug und dienen ausschlie\u00dflich internen Zwecken. Sie werden keinesfalls an Dritte weitergegeben und nach Ablauf des Projekts gel\u00f6scht.<\/p>\n\n\n\n<h2 class=\"wp-block-heading\"><strong>Personenbezogene Daten<\/strong><\/h2>\n\n\n\n<p>Personenbezogene Daten werden nur mit Ihrer ausdr\u00fccklichen Einwilligung erhoben. TellTogether bietet Ihnen an, Ihren wahren Namen oder einen Nickname, sowie optional Ihre E-Mailadresse und optional eine Nachricht in unser Kontaktformular einzutragen.<\/p>\n\n\n\n<p>Das Eintragen des Namens, eines Pseudonyms, der optionalen E-Mailadresse und der optionalen Nachricht dient lediglich dem Zweck, als mitwirkende Person in der Zusammenstellung des H\u00f6rspiels wieder auffindbar zu sein. Au\u00dferdem k\u00f6nnen wir nur so Ihren Namen bei den Mitwirkenden des H\u00f6rspiel nennen. Diese Daten werden ausschlie\u00dflich zweckbezogen erhoben, genutzt und verarbeitet und keinesfalls an Dritte weitergegeben. Bei Beendigung der Laufzeit von tell-together.at werden alle personenbezogenen Daten gel\u00f6scht.<\/p>\n\n\n\n<p>Das Aufnehmen oder Hochladen einer Audio-Datei dient dem Zweck der \u00dcbermittlung der Audio-Aufnahme zur Zusammenstellung eines H\u00f6rspiels. Die Audio-Dateien werden zu Backup-Zwecken am Server zwischengespeichert und regelm\u00e4\u00dfig gel\u00f6scht.<\/p>\n\n\n\n<p>Wir behalten uns das Recht vor, im Falle von schweren Verst\u00f6\u00dfen gegen unsere Nutzungsbestimmungen und unzul\u00e4ssigen Zugriffen bzw. Zugriffsversuchen auf unsere Server unter Zuhilfenahme einzelner Datens\u00e4tze eine Herleitung zu personenbezogenen Daten zu veranlassen.<\/p>\n\n\n\n<h2 class=\"wp-block-heading\"><strong>Cookies<\/strong><\/h2>\n\n\n\n<p>Unsere Website verwendet keine Cookies. <\/p>\n\n\n\n<h2 class=\"wp-block-heading\"><strong>Sicherheitshinweis<\/strong><\/h2>\n\n\n\n<p>Wir setzen alles daran, Ihre personenbezogenen Daten durch Einsatz geeigneter technischer und organisatorischer Ma\u00dfnahmen vor unbefugtem Zugriff und Missbrauch zu sch\u00fctzen.<\/p>\n\n\n\n<h2 class=\"wp-block-heading\"><strong>Links zu anderen Angeboten<\/strong><\/h2>\n\n\n\n<p>Im Angebot von tell-together.at befinden sich Querverweise (\u201cLinks\u201d) zu anderen Online-Angeboten. Durch den Querverweis vermitteln wir den Zugang zur Nutzung dieser Inhalte. F\u00fcr die Inhalte dieser Online-Angebote sowie deren Datenschutzbestimmungen ist tell-together.at nicht verantwortlich.<\/p>\n\n\n\n<p>F\u00fcr die auf tell-together.at aufgef\u00fchrten Links zu externen Seiten \u00fcbernehmen wir keine Haftung.<\/p>\n\n\n\n<p>Wir sind per Mail erreichbar unter: info@tell-together.at<\/p>\n","protected":false},"excerpt":{"rendered":"<p>Welche Daten werden erhoben? tell-together.at nimmt den Schutz Ihrer Daten sehr ernst und wir m\u00f6chten, dass Sie sich beim Besuch unserer Webseiten sicher f\u00fchlen. Hier erfahren Sie, welche Daten wir erheben und wie wir sie verwenden. Daten ohne Personenbezug Ihre IP-Adresse, Browserkennung und Domain, der Name der abgerufenen Datei, Datum und Uhrzeit des Abrufs, die [&hellip;]<\/p>\n","protected":false},"author":753,"featured_media":0,"parent":0,"menu_order":0,"comment_status":"closed","ping_status":"closed","template":"","meta":{"gt_page_layout":"","gt_hide_page_title":false,"gt_remove_bottom_margin":false,"footnotes":""},"class_list":["post-64","page","type-page","status-publish","hentry"],"_links":{"self":[{"href":"https:\/\/blog.radiofabrik.at\/telltogether\/wp-json\/wp\/v2\/pages\/64","targetHints":{"allow":["GET"]}}],"collection":[{"href":"https:\/\/blog.radiofabrik.at\/telltogether\/wp-json\/wp\/v2\/pages"}],"about":[{"href":"https:\/\/blog.radiofabrik.at\/telltogether\/wp-json\/wp\/v2\/types\/page"}],"author":[{"embeddable":true,"href":"https:\/\/blog.radiofabrik.at\/telltogether\/wp-json\/wp\/v2\/users\/753"}],"replies":[{"embeddable":true,"href":"https:\/\/blog.radiofabrik.at\/telltogether\/wp-json\/wp\/v2\/comments?post=64"}],"version-history":[{"count":6,"href":"https:\/\/blog.radiofabrik.at\/telltogether\/wp-json\/wp\/v2\/pages\/64\/revisions"}],"predecessor-version":[{"id":415,"href":"https:\/\/blog.radiofabrik.at\/telltogether\/wp-json\/wp\/v2\/pages\/64\/revisions\/415"}],"wp:attachment":[{"href":"https:\/\/blog.radiofabrik.at\/telltogether\/wp-json\/wp\/v2\/media?parent=64"}],"curies":[{"name":"wp","href":"https:\/\/api.w.org\/{rel}","templated":true}]}}