{"id":54,"date":"2012-05-14T15:07:46","date_gmt":"2012-05-14T15:07:46","guid":{"rendered":"http:\/\/blog.radiofabrik.at\/theapprentice\/?page_id=54"},"modified":"2012-05-31T13:40:58","modified_gmt":"2012-05-31T13:40:58","slug":"about-apprentice","status":"publish","type":"page","link":"https:\/\/blog.radiofabrik.at\/theapprentice\/about-apprentice\/","title":{"rendered":"Who&#8217;s that Girl&#8230;?"},"content":{"rendered":"<p><strong>&#8230;it&#8217;s Jess!<\/strong><\/p>\n<p><a href=\"http:\/\/blog.radiofabrik.at\/theapprentice\/files\/2012\/05\/gephotoshopt.jpg\"><img decoding=\"async\" class=\"aligncenter size-full wp-image-67\" src=\"http:\/\/blog.radiofabrik.at\/theapprentice\/files\/2012\/05\/gephotoshopt.jpg\" alt=\"\" \/><\/a><\/p>\n<p><strong><a href=\"http:\/\/blog.radiofabrik.at\/theapprentice\/files\/2012\/05\/Foto-am-14.05.12-um-15.10.jpg\"><br \/>\n<\/a>Name?<\/strong><br \/>\nJess, the Apprentice<br \/>\n<strong><br \/>\nAlter?<\/strong><br \/>\nGeboren im Revoluzzer &#8211; Jahr 1989<\/p>\n<p><strong>Dahoam?<\/strong><br \/>\nLaut Geburtsurkunde in Houston, Texas (don&#8217;t mess with me!), aufgewachsen und Herz verloren im wundersch\u00f6nen Schwabenland, Deutschland. Seit Oktober 2009 Zwischenstopp in Salzburg.<\/p>\n<p><strong>Job?<\/strong><br \/>\nSeit September 2011 Medientechnikerin in Ausbildung, davor Kommunikationswissenschaftsstudentin an der Paris Lodron Universit\u00e4t in Salzburg.<\/p>\n<p><strong>Und sonst so?<\/strong><br \/>\nBass spielen, meiner neu entdeckten Liebe f\u00fcr Kultur fr\u00f6nen, meinen Hund lieb haben, Schreiben, Musik h\u00f6ren, mich selbst inszenieren, Sommer-Salzach-Biertrink-Abende verbringen, im MARK sitzen, das Beste draus machen.<\/p>\n<p><strong>Radiokarriere!<br \/>\n<\/strong>Begonnen im M\u00e4rz 2011 bei MARK.radio, ab Mai 2012 auch bei WarmUp zu h\u00f6ren und weiter im Ausbau.<\/p>\n<p><strong>Und was dann?<\/strong><br \/>\nDas Burning Man Festival besuchen, nach Schweden reisen, ein Haus an der amerikanischen Ostk\u00fcste besitzen, m\u00f6glichst selbstst\u00e4ndig sein, Radio, Musik und Unsinn machen (to be completed)<\/p>\n<p><strong><a href=\"http:\/\/blog.radiofabrik.at\/theapprentice\/files\/2012\/05\/poser_gro\u00df.jpg\"><img loading=\"lazy\" decoding=\"async\" class=\"alignnone size-medium wp-image-79\" title=\"SONY DSC\" src=\"http:\/\/blog.radiofabrik.at\/theapprentice\/files\/2012\/05\/poser_gro\u00df-300x199.jpg\" alt=\"\" width=\"300\" height=\"199\" srcset=\"https:\/\/blog.radiofabrik.at\/theapprentice\/files\/2012\/05\/poser_gro\u00df-300x199.jpg 300w, https:\/\/blog.radiofabrik.at\/theapprentice\/files\/2012\/05\/poser_gro\u00df-1024x680.jpg 1024w, https:\/\/blog.radiofabrik.at\/theapprentice\/files\/2012\/05\/poser_gro\u00df-451x300.jpg 451w\" sizes=\"auto, (max-width: 300px) 100vw, 300px\" \/><\/a><br \/>\n<\/strong><\/p>\n","protected":false},"excerpt":{"rendered":"<p>&#8230;it&#8217;s Jess! Name? Jess, the Apprentice Alter? Geboren im Revoluzzer &#8211; Jahr 1989 Dahoam? Laut Geburtsurkunde in Houston, Texas (don&#8217;t mess with me!), aufgewachsen und Herz verloren im wundersch\u00f6nen Schwabenland, Deutschland. Seit Oktober 2009 Zwischenstopp in Salzburg. Job? Seit September &hellip; <a href=\"https:\/\/blog.radiofabrik.at\/theapprentice\/about-apprentice\/\">Weiterlesen <span class=\"meta-nav\">&rarr;<\/span><\/a><\/p>\n","protected":false},"author":222,"featured_media":0,"parent":0,"menu_order":0,"comment_status":"closed","ping_status":"open","template":"","meta":{"footnotes":""},"class_list":["post-54","page","type-page","status-publish","hentry"],"_links":{"self":[{"href":"https:\/\/blog.radiofabrik.at\/theapprentice\/wp-json\/wp\/v2\/pages\/54","targetHints":{"allow":["GET"]}}],"collection":[{"href":"https:\/\/blog.radiofabrik.at\/theapprentice\/wp-json\/wp\/v2\/pages"}],"about":[{"href":"https:\/\/blog.radiofabrik.at\/theapprentice\/wp-json\/wp\/v2\/types\/page"}],"author":[{"embeddable":true,"href":"https:\/\/blog.radiofabrik.at\/theapprentice\/wp-json\/wp\/v2\/users\/222"}],"replies":[{"embeddable":true,"href":"https:\/\/blog.radiofabrik.at\/theapprentice\/wp-json\/wp\/v2\/comments?post=54"}],"version-history":[{"count":14,"href":"https:\/\/blog.radiofabrik.at\/theapprentice\/wp-json\/wp\/v2\/pages\/54\/revisions"}],"predecessor-version":[{"id":61,"href":"https:\/\/blog.radiofabrik.at\/theapprentice\/wp-json\/wp\/v2\/pages\/54\/revisions\/61"}],"wp:attachment":[{"href":"https:\/\/blog.radiofabrik.at\/theapprentice\/wp-json\/wp\/v2\/media?parent=54"}],"curies":[{"name":"wp","href":"https:\/\/api.w.org\/{rel}","templated":true}]}}