{"id":2,"date":"2014-12-10T09:41:17","date_gmt":"2014-12-10T09:41:17","guid":{"rendered":"http:\/\/blog.radiofabrik.at\/traumfaenger\/?page_id=2"},"modified":"2015-03-31T18:58:30","modified_gmt":"2015-03-31T18:58:30","slug":"sample-page","status":"publish","type":"page","link":"https:\/\/blog.radiofabrik.at\/traumfaenger\/sample-page\/","title":{"rendered":"Die Sendereihe Traumf\u00e4nger"},"content":{"rendered":"<div class=\"csc-header csc-header-n1\">\n<h2 class=\"csc-firstHeader\">Von Lebenstr\u00e4umen. Und Menschen<\/h2>\n<\/div>\n<div class=\"csc-textpic csc-textpic-intext-right\">\n<div class=\"csc-textpic-text\">\n<p class=\"bodytext\"><a href=\"https:\/\/blog.radiofabrik.at\/traumfaenger\/files\/2014\/12\/berg.jpeg\"><img loading=\"lazy\" decoding=\"async\" class=\"  wp-image-102 alignnone\" src=\"https:\/\/blog.radiofabrik.at\/traumfaenger\/files\/2014\/12\/berg-300x190.jpeg\" alt=\"berg\" width=\"419\" height=\"266\" srcset=\"https:\/\/blog.radiofabrik.at\/traumfaenger\/files\/2014\/12\/berg-300x190.jpeg 300w, https:\/\/blog.radiofabrik.at\/traumfaenger\/files\/2014\/12\/berg-1024x649.jpeg 1024w, https:\/\/blog.radiofabrik.at\/traumfaenger\/files\/2014\/12\/berg.jpeg 1992w\" sizes=\"auto, (max-width: 419px) 100vw, 419px\" \/><\/a><\/p>\n<p class=\"bodytext\">Mutige Lebensentw\u00fcrfe. Skurriles und Bodenst\u00e4ndiges. Gespr\u00e4che, Zitate, Literatur &#8211; und nat\u00fcrlich Musik!<br \/>\nIch spreche mit Menschen, die es geschafft haben, ihren Traum zu leben. \u00dcber sie selbst und \u00fcber den Weg, der hinter ihnen liegt. Zus\u00e4tzlich gibt es Portraits von Pers\u00f6nlichkeiten aus der Vergangenheit, die ebenfalls f\u00fcr ihre Visionen gelebt haben und damit einfach f\u00fcr sich selbst oder auch f\u00fcr andere Gro\u00dfes getan haben.<\/p>\n<p>Die H\u00f6rerInnen sollen sich inspirieren lassen, ihre eigenen Tr\u00e4ume mal wieder hervorzuholen und mit ihnen auf Tuchf\u00fchlung zu gehen. Was ist aus ihnen geworden? Wo stehe ich? Vielleicht ja doch noch einen verwirklichen?<br \/>\nEin kleines Wachr\u00fctteln, ein Schritt raus aus der Komfortzone und zumindest f\u00fcr einen kurzen Moment daran glauben, dass oft weit mehr m\u00f6glich ist, als man denkt!<\/p>\n<p class=\"bodytext\"><b>Sendezeiten:<\/b> 1. Sonntag im Monat von 15 bis 16 Uhr.<\/p>\n<p class=\"bodytext\"><strong>Sendungsmacherin:<\/strong> Tamara K\u00f6nig<\/p>\n<p class=\"bodytext\">\n<\/div>\n<\/div>\n","protected":false},"excerpt":{"rendered":"<p>Von Lebenstr\u00e4umen. Und Menschen Mutige Lebensentw\u00fcrfe. Skurriles und Bodenst\u00e4ndiges. Gespr\u00e4che, Zitate, Literatur &#8211; und nat\u00fcrlich Musik! Ich spreche mit Menschen, die es geschafft haben, ihren Traum zu leben. \u00dcber sie selbst und \u00fcber den Weg, der hinter ihnen liegt. Zus\u00e4tzlich &hellip; <a href=\"https:\/\/blog.radiofabrik.at\/traumfaenger\/sample-page\/\">Weiterlesen <span class=\"meta-nav\">&rarr;<\/span><\/a><\/p>\n","protected":false},"author":696,"featured_media":0,"parent":0,"menu_order":0,"comment_status":"open","ping_status":"open","template":"","meta":{"jetpack_post_was_ever_published":false,"footnotes":""},"class_list":["post-2","page","type-page","status-publish","hentry"],"jetpack_sharing_enabled":true,"jetpack_shortlink":"https:\/\/wp.me\/P5uacH-2","_links":{"self":[{"href":"https:\/\/blog.radiofabrik.at\/traumfaenger\/wp-json\/wp\/v2\/pages\/2","targetHints":{"allow":["GET"]}}],"collection":[{"href":"https:\/\/blog.radiofabrik.at\/traumfaenger\/wp-json\/wp\/v2\/pages"}],"about":[{"href":"https:\/\/blog.radiofabrik.at\/traumfaenger\/wp-json\/wp\/v2\/types\/page"}],"author":[{"embeddable":true,"href":"https:\/\/blog.radiofabrik.at\/traumfaenger\/wp-json\/wp\/v2\/users\/696"}],"replies":[{"embeddable":true,"href":"https:\/\/blog.radiofabrik.at\/traumfaenger\/wp-json\/wp\/v2\/comments?post=2"}],"version-history":[{"count":11,"href":"https:\/\/blog.radiofabrik.at\/traumfaenger\/wp-json\/wp\/v2\/pages\/2\/revisions"}],"predecessor-version":[{"id":105,"href":"https:\/\/blog.radiofabrik.at\/traumfaenger\/wp-json\/wp\/v2\/pages\/2\/revisions\/105"}],"wp:attachment":[{"href":"https:\/\/blog.radiofabrik.at\/traumfaenger\/wp-json\/wp\/v2\/media?parent=2"}],"curies":[{"name":"wp","href":"https:\/\/api.w.org\/{rel}","templated":true}]}}