{"id":7,"date":"2014-12-17T17:38:12","date_gmt":"2014-12-17T17:38:12","guid":{"rendered":"http:\/\/blog.radiofabrik.at\/traumfaenger\/?page_id=7"},"modified":"2018-01-30T07:57:34","modified_gmt":"2018-01-30T07:57:34","slug":"ueber-mich","status":"publish","type":"page","link":"https:\/\/blog.radiofabrik.at\/traumfaenger\/ueber-mich\/","title":{"rendered":"\u00dcber mich"},"content":{"rendered":"<p>&nbsp;<\/p>\n<p><img loading=\"lazy\" decoding=\"async\" class=\"alignleft size-medium wp-image-85\" src=\"https:\/\/blog.radiofabrik.at\/traumfaenger\/files\/2015\/03\/IMG_3136-300x200.jpg\" alt=\"\" width=\"300\" height=\"200\" srcset=\"https:\/\/blog.radiofabrik.at\/traumfaenger\/files\/2015\/03\/IMG_3136-300x200.jpg 300w, https:\/\/blog.radiofabrik.at\/traumfaenger\/files\/2015\/03\/IMG_3136-1024x683.jpg 1024w\" sizes=\"auto, (max-width: 300px) 100vw, 300px\" \/><\/p>\n<p>Ich hei\u00dfe Tamara K\u00f6nig. Ich habe auf der Universit\u00e4t Wien Theater-, Film- und Medienwissenschaft (Bachelor) studiert und parallel f\u00fcrs Theater als Regieassistentin und bei der Filmproduktionsfirma &#8218;Die Mediengesellschaft&#8216; als Redakteurin und Gestalterin f\u00fcr ServusTV gearbeitet. Ab Juli 2013 kamen zwei Jahre Karenz. Parallel absolvierte ich aber eine Pilates-Trainer Ausbildung und besch\u00e4ftigte mich als Radiomacherin mit meiner Sendung &#8222;Der Traumf\u00e4nger&#8220;. Ab Herbst 2015 machte ich meinen Master an der Fachhochschule Salzburg im Studiengang MultiMediaArt, Fachbereich Film &#8211; Regie, welchen ich im J\u00e4nner 2018 mit ausgezeichnetem Erfolg abgeschlossen habe.<\/p>\n","protected":false},"excerpt":{"rendered":"<p>&nbsp; Ich hei\u00dfe Tamara K\u00f6nig. Ich habe auf der Universit\u00e4t Wien Theater-, Film- und Medienwissenschaft (Bachelor) studiert und parallel f\u00fcrs Theater als Regieassistentin und bei der Filmproduktionsfirma &#8218;Die Mediengesellschaft&#8216; als Redakteurin und Gestalterin f\u00fcr ServusTV gearbeitet. Ab Juli 2013 kamen &hellip; <a href=\"https:\/\/blog.radiofabrik.at\/traumfaenger\/ueber-mich\/\">Weiterlesen <span class=\"meta-nav\">&rarr;<\/span><\/a><\/p>\n","protected":false},"author":696,"featured_media":0,"parent":0,"menu_order":0,"comment_status":"open","ping_status":"open","template":"","meta":{"jetpack_post_was_ever_published":false,"footnotes":""},"class_list":["post-7","page","type-page","status-publish","hentry"],"jetpack_sharing_enabled":true,"jetpack_shortlink":"https:\/\/wp.me\/P5uacH-7","_links":{"self":[{"href":"https:\/\/blog.radiofabrik.at\/traumfaenger\/wp-json\/wp\/v2\/pages\/7","targetHints":{"allow":["GET"]}}],"collection":[{"href":"https:\/\/blog.radiofabrik.at\/traumfaenger\/wp-json\/wp\/v2\/pages"}],"about":[{"href":"https:\/\/blog.radiofabrik.at\/traumfaenger\/wp-json\/wp\/v2\/types\/page"}],"author":[{"embeddable":true,"href":"https:\/\/blog.radiofabrik.at\/traumfaenger\/wp-json\/wp\/v2\/users\/696"}],"replies":[{"embeddable":true,"href":"https:\/\/blog.radiofabrik.at\/traumfaenger\/wp-json\/wp\/v2\/comments?post=7"}],"version-history":[{"count":11,"href":"https:\/\/blog.radiofabrik.at\/traumfaenger\/wp-json\/wp\/v2\/pages\/7\/revisions"}],"predecessor-version":[{"id":189,"href":"https:\/\/blog.radiofabrik.at\/traumfaenger\/wp-json\/wp\/v2\/pages\/7\/revisions\/189"}],"wp:attachment":[{"href":"https:\/\/blog.radiofabrik.at\/traumfaenger\/wp-json\/wp\/v2\/media?parent=7"}],"curies":[{"name":"wp","href":"https:\/\/api.w.org\/{rel}","templated":true}]}}