{"id":2,"date":"2009-05-26T10:25:06","date_gmt":"2009-05-26T08:25:06","guid":{"rendered":""},"modified":"2013-10-17T13:57:07","modified_gmt":"2013-10-17T11:57:07","slug":"about","status":"publish","type":"page","link":"https:\/\/blog.radiofabrik.at\/willkommen\/about\/","title":{"rendered":"About"},"content":{"rendered":"<div class=\"csc-header csc-header-n1\">\n<h2 class=\"csc-firstHeader\">Salzburg&#8217;a ho\u015f geldiniz \u2013 \u0414\u043e\u0431\u0440\u043e \u043f\u043e\u0436\u0430\u043b\u043e\u0432\u0430\u0442\u044c \u2013 Welcome to Salzburg \u2013 Dobrodo\u0161li u Salzburg \u2013 Willkommen in Salzburg<\/h2>\n<\/div>\n<div class=\"csc-textpic-text\">\n<p class=\"bodytext\">2009 war das ein f\u00fcnfsprachiges Informationsmagazin f\u00fcr Neo-Salzburgerinnen, gestaltet von einer Gruppe zugewanderter Salzburgerinnen, die schon l\u00e4nger hier leben und wissen, worauf es am Anfang ankommt. (Die Redaktionsgruppe freut sich \u00fcber neue Mitglieder &#8211; bei Interesse an Mitarbeit bitte eine E-Mail an die Adresse unten oder im Radiofabrik-B\u00fcro anrufen.)<\/p>\n<p class=\"bodytext\">Eine Stunde Sendung davon je ca. 10 Minuten in T\u00fcrkisch, Russisch, BKS (Bosnisch-Kroatisch-Serbisch), Englisch und Deutsch. Die Inhalte sind in den verschiedenen Sprachen die selben, beispielsweise werden folgende Fragen beantwortet:<\/p>\n<p class=\"bodytext\">Wo finde ich einen Arzt, der meine Sprache spricht?<\/p>\n<p class=\"bodytext\">Wie kann ich meine Freizeit gestalten?<\/p>\n<p class=\"bodytext\">Wo werden Sprach- und Intergrationskurse angeboten?<\/p>\n<p class=\"bodytext\">&#8230;<\/p>\n<p class=\"bodytext\">Ab M\u00e4rz 2010 gab es Information und Unterhaltung f\u00fcr Neo-SalzburgerInnen jeden Mittwoch zweisprachig live aus dem Studio der Radiofabrik.<\/p>\n<p>1. Mittwoch im Monat:<br \/>\nBosnisch\/Kroatisch\/Serbisch \u2013 Deutsch<\/p>\n<p>2. Mittwoch im Monat:<br \/>\nT\u00fcrkisch \u2013 Deutsch<\/p>\n<p>3. Mittwoch im Monat:<br \/>\nRussisch \u2013 Deutsch<\/p>\n<p>4. Mittwoch im Monat:<br \/>\nEnglisch \u2013 Deutsch ( Maria-Fe Parco-Ortner)<\/p>\n<p>&nbsp;<\/p>\n<p><strong><b>LEIDER GIBT ES AB NOVMEBER 2013 NUR MEHR DIE ENGLISCH-DEUTSCHE VERSION. <\/b><\/strong><\/p>\n<p><strong><b>WIR SUCHEN DRINGEND NEUE RADIOMACHERINNEN IN ALLEN SPRACHEN!!!<\/b><br \/>\n<\/strong><\/p>\n<p>&nbsp;<\/p>\n<p>Mitgearbeitet haben bisher:<\/p>\n<p>Katerina Nakova, Sanja Ilic, Danijela Ristic, Ilknur Inanmaz, Tuba Islam, Emel und Meltem Akcora, Olga Nazarkina, Marina Gerhardt, Ekaterina Redzebova, Elena Lepori, Elena Kraus, Diana-Maria Contreras-Mojica, Haydee Jimenez, Maria Angelica Rincon<\/p>\n<p>&nbsp;<\/p>\n<p class=\"bodytext\"><strong>Sendezeit<\/strong>:\u00a0 4. Mittwoch im Monat 19:06 Uhr (Wiederholung samstags 10:06 Uhr)<\/p>\n<p class=\"bodytext\"><strong>Kontakt<\/strong>: willkommen@radiofabrik.at<\/p>\n<p class=\"bodytext\"><strong>Link<\/strong>: Alle Sendungen zum Nachh\u00f6ren: <a href=\"..\/..\/willkommen\" target=\"_blank\">blog.radiofabrik.at\/willkommen<\/a><\/p>\n<\/div>\n","protected":false},"excerpt":{"rendered":"<p>Salzburg&#8217;a ho\u015f geldiniz \u2013 \u0414\u043e\u0431\u0440\u043e \u043f\u043e\u0436\u0430\u043b\u043e\u0432\u0430\u0442\u044c \u2013 Welcome to Salzburg \u2013 Dobrodo\u0161li u Salzburg \u2013 Willkommen in Salzburg 2009 war das ein f\u00fcnfsprachiges Informationsmagazin f\u00fcr Neo-Salzburgerinnen, gestaltet von einer Gruppe zugewanderter Salzburgerinnen, die schon l\u00e4nger hier leben und wissen, worauf &hellip; <a href=\"https:\/\/blog.radiofabrik.at\/willkommen\/about\/\">Weiterlesen <span class=\"meta-nav\">&rarr;<\/span><\/a><\/p>\n","protected":false},"author":49,"featured_media":0,"parent":0,"menu_order":0,"comment_status":"open","ping_status":"open","template":"","meta":{"footnotes":""},"class_list":["post-2","page","type-page","status-publish","hentry"],"_links":{"self":[{"href":"https:\/\/blog.radiofabrik.at\/willkommen\/wp-json\/wp\/v2\/pages\/2","targetHints":{"allow":["GET"]}}],"collection":[{"href":"https:\/\/blog.radiofabrik.at\/willkommen\/wp-json\/wp\/v2\/pages"}],"about":[{"href":"https:\/\/blog.radiofabrik.at\/willkommen\/wp-json\/wp\/v2\/types\/page"}],"author":[{"embeddable":true,"href":"https:\/\/blog.radiofabrik.at\/willkommen\/wp-json\/wp\/v2\/users\/49"}],"replies":[{"embeddable":true,"href":"https:\/\/blog.radiofabrik.at\/willkommen\/wp-json\/wp\/v2\/comments?post=2"}],"version-history":[{"count":6,"href":"https:\/\/blog.radiofabrik.at\/willkommen\/wp-json\/wp\/v2\/pages\/2\/revisions"}],"predecessor-version":[{"id":4,"href":"https:\/\/blog.radiofabrik.at\/willkommen\/wp-json\/wp\/v2\/pages\/2\/revisions\/4"}],"wp:attachment":[{"href":"https:\/\/blog.radiofabrik.at\/willkommen\/wp-json\/wp\/v2\/media?parent=2"}],"curies":[{"name":"wp","href":"https:\/\/api.w.org\/{rel}","templated":true}]}}